{"id":12901,"date":"2021-06-10T21:15:36","date_gmt":"2021-06-10T19:15:36","guid":{"rendered":"https:\/\/www.bictogo-initiatives.org\/?page_id=12901"},"modified":"2021-06-10T21:42:16","modified_gmt":"2021-06-10T19:42:16","slug":"africanext","status":"publish","type":"page","link":"https:\/\/www.bictogo-initiatives.org\/index.php\/nos-programmes\/africanext\/","title":{"rendered":"AfricaNext"},"content":{"rendered":"<p>[vc_row content_width=\u00a0\u00bbgrid\u00a0\u00bb css=\u00a0\u00bb.vc_custom_1481799018755{padding-top: 120px !important;padding-bottom: 120px !important;background-image: url(http:\/\/xpo.edge-themes.com\/wp-content\/uploads\/2016\/12\/page-3-image-1.jpg?id=9747) !important;}\u00a0\u00bb][vc_column offset=\u00a0\u00bbvc_col-lg-12 vc_col-md-12&Prime;]<div class=\"edgtf-elements-holder edgtf-responsive-mode-1024\" ><div class=\"edgtf-elements-holder-item edgtf-width-1-1\" data-item-class=\"edgtf-elements-holder-custom-370723\"  data-1024-1280=\"13px 0 0 0\" data-768-1024=\"0 5px\" data-600-768=\"0 5px\"   >\n\t<div class=\"edgtf-elements-holder-item-inner\">\n\t\t<div class=\"edgtf-elements-holder-item-content edgtf-elements-holder-custom-370723\" style=\"padding: 0 8px\">\n\t\t\t[vc_single_image image=\u00a0\u00bb12522&Prime; img_size=\u00a0\u00bbfull\u00a0\u00bb]\t\t<\/div>\n\t<\/div>\n<\/div><div class=\"edgtf-elements-holder-item edgtf-width-1-1\" data-item-class=\"edgtf-elements-holder-custom-730805\" data-768-1024=\"20px 20px 0 20px\" data-600-768=\"20px 20px 0 20px\" data-480-600=\"20px 5px 0 5px\" data-480=\"20px 5px 0 5px\" >\n\t<div class=\"edgtf-elements-holder-item-inner\">\n\t\t<div class=\"edgtf-elements-holder-item-content edgtf-elements-holder-custom-730805\" style=\"padding: 0 0 6px 85px\">\n\t\t\t<div class=\"edgtf-title-section-holder\">\n\t\t\t<h2 class=\"edgtf-title-with-dots\" >\n\t\t\tUn programme d&#039;entr\u00e9e dans la vie active\t\t<\/h2>\n\t\t<span class=\"edge-title-separator edge-enable-separator\" ><\/span>\n\n\t<\/div>[vc_empty_space height=\u00a0\u00bb8px\u00a0\u00bb][vc_column_text]<\/p>\n<p class=\"p1\">AfricaNext est un programme d&rsquo;insertion professionnelle pour les jeunes ivoiriens et ivoiriennes les plus m\u00e9ritant. Il vise \u00e0 accompagner l&rsquo;insertion des jeunes \u00e0 l&#8217;emploi en leur fournissant tous les outils n\u00e9cessaires. Gr\u00e2ce \u00e0 son r\u00e9seau de partenaires, c&rsquo;est 200 jeunes ivoiriens que la Fondation B.I s&rsquo;engage \u00e0 accompagner tous les ans dans leur insertion professionnelle pour d\u00e9crocher des emplois, et 100 jeunes pour des emplois dans des entreprises de renomm\u00e9e.<\/p>\n<p class=\"p1\">Cet engagement se manifeste d\u00e8s l&rsquo;instant qu&rsquo;ils int\u00e8grent le programme, car les participants pourront b\u00e9n\u00e9ficier du r\u00e9seau de la fondation, des afterwork, de conf\u00e9rences pour les suivre tout au long de leur carri\u00e8re. Les jeunes qui y prennent part, b\u00e9n\u00e9ficieront de :<\/p>\n<p>[\/vc_column_text][vc_empty_space height=\u00a0\u00bb22px\u00a0\u00bb]<div class=\"edgtf-icon-list-item\">\n\t<div class=\"edgtf-icon-list-icon-holder\">\n        <div class=\"edgtf-icon-list-icon-holder-inner clearfix\">\n\t\t\t<i class=\"edgtf-icon-font-awesome fa fa-check \" style=\"font-size:14px\" ><\/i>\t\t<\/div>\n\t<\/div>\n\t<p class=\"edgtf-icon-list-text\" style=\"font-size:14px\" > Cours de mont\u00e9e en comp\u00e9tences<\/p>\n<\/div><div class=\"edgtf-icon-list-item\">\n\t<div class=\"edgtf-icon-list-icon-holder\">\n        <div class=\"edgtf-icon-list-icon-holder-inner clearfix\">\n\t\t\t<i class=\"edgtf-icon-font-awesome fa fa-check \" style=\"font-size:14px\" ><\/i>\t\t<\/div>\n\t<\/div>\n\t<p class=\"edgtf-icon-list-text\" style=\"font-size:14px\" > \u00c9v\u00e8nements mensuels de r\u00e9seautage<\/p>\n<\/div><div class=\"edgtf-icon-list-item\">\n\t<div class=\"edgtf-icon-list-icon-holder\">\n        <div class=\"edgtf-icon-list-icon-holder-inner clearfix\">\n\t\t\t<i class=\"edgtf-icon-font-awesome fa fa-check \" style=\"font-size:14px\" ><\/i>\t\t<\/div>\n\t<\/div>\n\t<p class=\"edgtf-icon-list-text\" style=\"font-size:14px\" > Stages et suivi de carri\u00e8re<\/p>\n<\/div>\t\t<\/div>\n\t<\/div>\n<\/div><\/div>[\/vc_column][\/vc_row][vc_row content_width=\u00a0\u00bbgrid\u00a0\u00bb css=\u00a0\u00bb.vc_custom_1623353973528{padding-top: 120px !important;padding-bottom: 120px !important;background-color: #ffffff !important;}\u00a0\u00bb][vc_column offset=\u00a0\u00bbvc_col-lg-12 vc_col-md-12&Prime; css=\u00a0\u00bb.vc_custom_1623353954395{background-color: #ffffff !important;}\u00a0\u00bb]<div class=\"edgtf-elements-holder edgtf-responsive-mode-1024\" style=\"background-color:#ffffff;\"><div class=\"edgtf-elements-holder-item edgtf-width-1-1\" data-item-class=\"edgtf-elements-holder-custom-846940\" data-1024-1280=\"0 70px 15px 0\" data-768-1024=\"20px 0px 45px 20px\" data-600-768=\"20px 0px 45px 20px\" data-480-600=\"20px 5px 0 5px\" data-480=\"20px 5px 0 5px\" >\n\t<div class=\"edgtf-elements-holder-item-inner\">\n\t\t<div class=\"edgtf-elements-holder-item-content edgtf-elements-holder-custom-846940\" style=\"padding: 0 77px 6px 0\">\n\t\t\t<div class=\"edgtf-title-section-holder\">\n\t\t\t<h2 class=\"edgtf-title-with-dots\" >\n\t\t\tLes \u00e9tapes du programme\t\t<\/h2>\n\t\t<span class=\"edge-title-separator edge-enable-separator\" ><\/span>\n\n\t<\/div>[vc_empty_space height=\u00a0\u00bb8px\u00a0\u00bb][vc_column_text]<\/p>\n<p class=\"p2\">Le programme sera marqu\u00e9 par :<\/p>\n<ul>\n<li class=\"p2\">un bootcamp sp\u00e9cialement con\u00e7u afin de donner les soft skills aux candidats pour en faire des cadres talentueux.<\/li>\n<li class=\"p2\">Il se termine par un exercice de matchmaking au sein duquel les<br \/>\nentreprises peuvent s\u00e9lectionner les 50 candidats finalistes.<\/li>\n<li>Les participants re\u00e7oivent leur certificat<\/li>\n<li>Les 50 finalistes re\u00e7oivent leur lettre de stages<\/li>\n<li>Les stages d\u00e9marrent avec un suivi de gestion de carri\u00e8re<\/li>\n<\/ul>\n<p>[\/vc_column_text][vc_empty_space height=\u00a0\u00bb35px\u00a0\u00bb]\t\t<\/div>\n\t<\/div>\n<\/div><div class=\"edgtf-elements-holder-item edgtf-width-1-1\" data-item-class=\"edgtf-elements-holder-custom-124131\"  data-1024-1280=\"0 0 0 0\" data-768-1024=\"0 5px\" data-600-768=\"0 5px\"   >\n\t<div class=\"edgtf-elements-holder-item-inner\">\n\t\t<div class=\"edgtf-elements-holder-item-content edgtf-elements-holder-custom-124131\" style=\"padding: 0 8px\">\n\t\t\t[vc_single_image image=\u00a0\u00bb12903&Prime; img_size=\u00a0\u00bbfull\u00a0\u00bb][vc_empty_space height=\u00a0\u00bb35px\u00a0\u00bb]\t\t<\/div>\n\t<\/div>\n<\/div><\/div>[\/vc_column][\/vc_row][vc_row content_width=\u00a0\u00bbgrid\u00a0\u00bb css=\u00a0\u00bb.vc_custom_1481720369795{padding-top: 120px !important;padding-bottom: 120px !important;background: #ffffff url(http:\/\/xpo.edge-themes.com\/wp-content\/uploads\/2016\/12\/page-8-image.jpg?id=9947) !important;}\u00a0\u00bb][vc_column width=\u00a0\u00bb1\/2&Prime;]<div class=\"edgtf-elements-holder edgtf-responsive-mode-1024\" ><div class=\"edgtf-elements-holder-item edgtf-width-1-1\" data-item-class=\"edgtf-elements-holder-custom-789276\" data-1280-1600=\"0px 10px 20px 40px\" data-1024-1280=\"0px 0px 20px 40px\" data-768-1024=\"20px 40px 0px 40px\" data-600-768=\"20px 40px 0px 40px\" data-480-600=\"0px 5px 0px 5px\" data-480=\"0px 5px 0px 5px\" >\n\t<div class=\"edgtf-elements-holder-item-inner\">\n\t\t<div class=\"edgtf-elements-holder-item-content edgtf-elements-holder-custom-789276\" style=\"padding: 0px 0 20px 40px\">\n\t\t\t<div class=\"edgtf-title-section-holder\">\n\t\t\t<h2 class=\"edgtf-title-with-dots\" >\n\t\t\tVous souhaitez participer au programme AfricaNext\t\t<\/h2>\n\t\t<span class=\"edge-title-separator edge-enable-separator\" ><\/span>\n\n\t<\/div>[vc_column_text]Vous \u00eates int\u00e9ress\u00e9e \u00e0 participer au programme AfricaNext en tant que mentor ou en tant que mentee ? La Fondation serait ravie d&rsquo;en savoir plus sur vous et sur ce que vous pensez pouvoir apporter ou ce que vous recherchez du programme BoostHer.[\/vc_column_text][vc_empty_space height=\u00a0\u00bb17px\u00a0\u00bb]\t\t<\/div>\n\t<\/div>\n<\/div><\/div>[\/vc_column][vc_column width=\u00a0\u00bb1\/2&Prime;]<div class=\"edgtf-elements-holder edgtf-responsive-mode-1024\" ><div class=\"edgtf-elements-holder-item edgtf-width-1-1\" data-item-class=\"edgtf-elements-holder-custom-517377\" data-1280-1600=\"0px 10px 20px 40px\" data-1024-1280=\"0px 0px 20px 40px\" data-768-1024=\"20px 40px 0px 40px\" data-600-768=\"20px 40px 0px 40px\" data-480-600=\"0px 5px 0px 5px\" data-480=\"0px 5px 0px 5px\" >\n\t<div class=\"edgtf-elements-holder-item-inner\">\n\t\t<div class=\"edgtf-elements-holder-item-content edgtf-elements-holder-custom-517377\" style=\"padding: 0px 0 20px 40px\">\n\t\t\t<div role=\"form\" class=\"wpcf7\" id=\"wpcf7-f12904-o1\" lang=\"en-US\" dir=\"ltr\">\n<div class=\"screen-reader-response\"><p role=\"status\" aria-live=\"polite\" aria-atomic=\"true\"><\/p> <ul><\/ul><\/div>\n<form action=\"\/index.php\/wp-json\/wp\/v2\/pages\/12901#wpcf7-f12904-o1\" method=\"post\" class=\"wpcf7-form init\" novalidate=\"novalidate\" data-status=\"init\">\n<div style=\"display: none;\">\n<input type=\"hidden\" name=\"_wpcf7\" value=\"12904\" \/>\n<input type=\"hidden\" name=\"_wpcf7_version\" value=\"5.5.3\" \/>\n<input type=\"hidden\" name=\"_wpcf7_locale\" value=\"en_US\" \/>\n<input type=\"hidden\" name=\"_wpcf7_unit_tag\" value=\"wpcf7-f12904-o1\" \/>\n<input type=\"hidden\" name=\"_wpcf7_container_post\" value=\"0\" \/>\n<input type=\"hidden\" name=\"_wpcf7_posted_data_hash\" value=\"\" \/>\n<\/div>\n<p><label>Votre nom<br \/>\n    <span class=\"wpcf7-form-control-wrap your-name\"><input type=\"text\" name=\"your-name\" value=\"\" size=\"40\" class=\"wpcf7-form-control wpcf7-text wpcf7-validates-as-required\" aria-required=\"true\" aria-invalid=\"false\" \/><\/span> <\/label><\/p>\n<p><label> Votre email<br \/>\n    <span class=\"wpcf7-form-control-wrap your-email\"><input type=\"email\" name=\"your-email\" value=\"\" size=\"40\" class=\"wpcf7-form-control wpcf7-text wpcf7-email wpcf7-validates-as-required wpcf7-validates-as-email\" aria-required=\"true\" aria-invalid=\"false\" \/><\/span> <\/label><\/p>\n<p><label> Votre num\u00e9ro de t\u00e9l\u00e9phone<br \/>\n  <span class=\"wpcf7-form-control-wrap tel-138\"><input type=\"tel\" name=\"tel-138\" value=\"\" size=\"40\" class=\"wpcf7-form-control wpcf7-text wpcf7-tel wpcf7-validates-as-required wpcf7-validates-as-tel\" aria-required=\"true\" aria-invalid=\"false\" \/><\/span><\/label><\/p>\n<p><use_label_element> Comment souhaitez-vous participez au programme AfricaNext ?<br \/>\n<span class=\"wpcf7-form-control-wrap radio-46\"><span class=\"wpcf7-form-control wpcf7-radio\"><span class=\"wpcf7-list-item first\"><label><input type=\"radio\" name=\"radio-46\" value=\"B\u00e9n\u00e9ficiez du programme en tant que mentee\" checked=\"checked\" \/><span class=\"wpcf7-list-item-label\">B\u00e9n\u00e9ficiez du programme en tant que mentee<\/span><\/label><\/span><span class=\"wpcf7-list-item\"><label><input type=\"radio\" name=\"radio-46\" value=\"Participez au programme en tant que mentor\" \/><span class=\"wpcf7-list-item-label\">Participez au programme en tant que mentor<\/span><\/label><\/span><span class=\"wpcf7-list-item last\"><label><input type=\"radio\" name=\"radio-46\" value=\"Participez au programme en tant qu&#039;entreprise partenaire\" \/><span class=\"wpcf7-list-item-label\">Participez au programme en tant qu&#039;entreprise partenaire<\/span><\/label><\/span><\/span><\/span><\/use_label_element><\/p>\n<p><label> Dites-nous dans un petit paragraphe qui vous \u00eates et ce que vous pensez apporter en tant que mentor ?<br \/>\n    <span class=\"wpcf7-form-control-wrap your-message\"><textarea name=\"your-message\" cols=\"40\" rows=\"10\" class=\"wpcf7-form-control wpcf7-textarea wpcf7-validates-as-required\" aria-required=\"true\" aria-invalid=\"false\"><\/textarea><\/span> <\/p>\n<p><input type=\"submit\" value=\"Soumettre\" class=\"wpcf7-form-control has-spinner wpcf7-submit\" \/><\/p>\n<p style=\"display: none !important;\"><label>&#916;<textarea name=\"_wpcf7_ak_hp_textarea\" cols=\"45\" rows=\"8\" maxlength=\"100\"><\/textarea><\/label><input type=\"hidden\" id=\"ak_js\" name=\"_wpcf7_ak_js\" value=\"51\"\/><script>document.getElementById( \"ak_js\" ).setAttribute( \"value\", ( new Date() ).getTime() );<\/script><\/p><div class=\"wpcf7-response-output\" aria-hidden=\"true\"><\/div><\/form><\/div>[vc_empty_space height=\u00a0\u00bb17px\u00a0\u00bb]\t\t<\/div>\n\t<\/div>\n<\/div><\/div>[\/vc_column][\/vc_row]<\/p>\n","protected":false},"excerpt":{"rendered":"<p>[vc_row content_width=\u00a0\u00bbgrid\u00a0\u00bb css=\u00a0\u00bb.vc_custom_1481799018755{padding-top: 120px !important;padding-bottom: 120px !important;background-image: url(http:\/\/xpo.edge-themes.com\/wp-content\/uploads\/2016\/12\/page-3-image-1.jpg?id=9747) !important;}\u00a0\u00bb][vc_column offset=\u00a0\u00bbvc_col-lg-12 vc_col-md-12&Prime;][\/vc_column][\/vc_row][vc_row content_width=\u00a0\u00bbgrid\u00a0\u00bb css=\u00a0\u00bb.vc_custom_1623353973528{padding-top: 120px !important;padding-bottom: 120px !important;background-color: #ffffff !important;}\u00a0\u00bb][vc_column offset=\u00a0\u00bbvc_col-lg-12 vc_col-md-12&Prime; css=\u00a0\u00bb.vc_custom_1623353954395{background-color: #ffffff !important;}\u00a0\u00bb][\/vc_column][\/vc_row][vc_row content_width=\u00a0\u00bbgrid\u00a0\u00bb css=\u00a0\u00bb.vc_custom_1481720369795{padding-top: 120px !important;padding-bottom: 120px !important;background: #ffffff url(http:\/\/xpo.edge-themes.com\/wp-content\/uploads\/2016\/12\/page-8-image.jpg?id=9947) !important;}\u00a0\u00bb][vc_column width=\u00a0\u00bb1\/2&Prime;][\/vc_column][vc_column width=\u00a0\u00bb1\/2&Prime;][\/vc_column][\/vc_row]<\/p>\n","protected":false},"author":1,"featured_media":0,"parent":112,"menu_order":0,"comment_status":"closed","ping_status":"closed","template":"","meta":[],"_links":{"self":[{"href":"https:\/\/www.bictogo-initiatives.org\/index.php\/wp-json\/wp\/v2\/pages\/12901"}],"collection":[{"href":"https:\/\/www.bictogo-initiatives.org\/index.php\/wp-json\/wp\/v2\/pages"}],"about":[{"href":"https:\/\/www.bictogo-initiatives.org\/index.php\/wp-json\/wp\/v2\/types\/page"}],"author":[{"embeddable":true,"href":"https:\/\/www.bictogo-initiatives.org\/index.php\/wp-json\/wp\/v2\/users\/1"}],"replies":[{"embeddable":true,"href":"https:\/\/www.bictogo-initiatives.org\/index.php\/wp-json\/wp\/v2\/comments?post=12901"}],"version-history":[{"count":5,"href":"https:\/\/www.bictogo-initiatives.org\/index.php\/wp-json\/wp\/v2\/pages\/12901\/revisions"}],"predecessor-version":[{"id":12906,"href":"https:\/\/www.bictogo-initiatives.org\/index.php\/wp-json\/wp\/v2\/pages\/12901\/revisions\/12906"}],"up":[{"embeddable":true,"href":"https:\/\/www.bictogo-initiatives.org\/index.php\/wp-json\/wp\/v2\/pages\/112"}],"wp:attachment":[{"href":"https:\/\/www.bictogo-initiatives.org\/index.php\/wp-json\/wp\/v2\/media?parent=12901"}],"curies":[{"name":"wp","href":"https:\/\/api.w.org\/{rel}","templated":true}]}}