{"id":1711,"date":"2016-03-07T16:54:25","date_gmt":"2016-03-07T16:54:25","guid":{"rendered":"http:\/\/xpo.edge-themes.com\/?page_id=1711"},"modified":"2021-09-21T22:39:32","modified_gmt":"2021-09-21T22:39:32","slug":"contactez-nous","status":"publish","type":"page","link":"https:\/\/www.bictogo-initiatives.org\/index.php\/contactez-nous\/","title":{"rendered":"Contactez-nous"},"content":{"rendered":"<p>[vc_row content_width=\u00a0\u00bbgrid\u00a0\u00bb css=\u00a0\u00bb.vc_custom_1484320799148{padding-top: 90px !important;padding-bottom: 90px !important;}\u00a0\u00bb][vc_column offset=\u00a0\u00bbvc_col-lg-6 vc_col-md-12&Prime; css=\u00a0\u00bb.vc_custom_1481803903566{padding-right: 5% !important;padding-left: 5% !important;}\u00a0\u00bb]<div class=\"edgtf-title-section-holder\">\n\t\t\t<h2 class=\"edgtf-title-with-dots\" >\n\t\t\tNos coordonn\u00e9es\t\t<\/h2>\n\t\t<span class=\"edge-title-separator edge-enable-separator\" ><\/span>\n\n\t<\/div>[vc_column_text]<\/p>\n<div class=\"edgtf-iwt clearfix edgtf-iwt-icon-left edgtf-iwt-icon-tiny\">\n<div class=\"edgtf-iwt-content-holder\">\n<div class=\"edgtf-iwt-text-holder\">\n<p>Pour nous conctacter n&rsquo;h\u00e9sitez pas \u00e0 nous appeler au<\/p>\n<p>+225-25-22-01-04-12<br \/>\n+225-05-65-49-39-34<\/div>\n<\/div>\n<\/div>\n<div class=\"vc_empty_space\">Vous pouvez nous envoyer aussi un email \u00e0\u00a0 contact@bictogo-initiatives.org<\/div>\n<div class=\"vc_empty_space\"><\/div>\n<div class=\"edgtf-iwt clearfix edgtf-iwt-icon-left edgtf-iwt-icon-tiny\">\n<div class=\"edgtf-iwt-icon-holder\">Pour nous rendre visite, venez au si\u00e8ge de la Fondation Bictogo Initiatives situ\u00e9e aux 2 Plateaux vallon, Cocody, Abidjan<\/div>\n<\/div>\n<p>[\/vc_column_text][vc_empty_space height=\u00a0\u00bb64px\u00a0\u00bb]<div class=\"edgtf-google-map-holder\">\n\t<div class=\"edgtf-google-map\" id=\"edgtf-map-1263039\" data-addresses='[\"Abidjan, 2 Plateaux Vallon sur la rue des jardins derri\u00e8re la station Corlay, Cocody\",\"C\u00f4te d&#039;Ivoire\"]' data-custom-map-style=false data-color-overlay=#393939 data-saturation=-100 data-lightness=-60 data-zoom=17 data-pin=https:\/\/www.bictogo-initiatives.org\/wp-content\/uploads\/2016\/12\/pin-map.png data-unique-id=1263039 data-scroll-wheel=false data-height=405><\/div>\n\t\t\t<div class=\"edgtf-google-map-overlay\"><\/div>\n\t\n\t\n<\/div>\n[vc_empty_space height=\u00a0\u00bb40px\u00a0\u00bb][\/vc_column][vc_column offset=\u00a0\u00bbvc_col-lg-6 vc_col-md-12&Prime; css=\u00a0\u00bb.vc_custom_1481804053925{padding-right: 5% !important;padding-left: 5% !important;}\u00a0\u00bb]<div class=\"edgtf-title-section-holder\">\n\t\t\t<h2 class=\"edgtf-title-with-dots\" >\n\t\t\tNous laisser un message\t\t<\/h2>\n\t\t<span class=\"edge-title-separator edge-enable-separator\" ><\/span>\n\n\t<\/div>[vc_column_text]Vous avez une question, une demande d&rsquo;information, une recommandation ? Notre \u00e9quipe est \u00e0 votre \u00e9coute. Remplissez ce formulaire, et nous vous reviendrons sous 48h.[\/vc_column_text][vc_empty_space height=\u00a0\u00bb36px\u00a0\u00bb]<div role=\"form\" class=\"wpcf7\" id=\"wpcf7-f9851-o1\" lang=\"en-US\" dir=\"ltr\">\n<div class=\"screen-reader-response\"><p role=\"status\" aria-live=\"polite\" aria-atomic=\"true\"><\/p> <ul><\/ul><\/div>\n<form action=\"\/index.php\/wp-json\/wp\/v2\/pages\/1711#wpcf7-f9851-o1\" method=\"post\" class=\"wpcf7-form init cf7_custom_style_1\" novalidate=\"novalidate\" data-status=\"init\">\n<div style=\"display: none;\">\n<input type=\"hidden\" name=\"_wpcf7\" value=\"9851\" \/>\n<input type=\"hidden\" name=\"_wpcf7_version\" value=\"5.5.3\" \/>\n<input type=\"hidden\" name=\"_wpcf7_locale\" value=\"en_US\" \/>\n<input type=\"hidden\" name=\"_wpcf7_unit_tag\" value=\"wpcf7-f9851-o1\" \/>\n<input type=\"hidden\" name=\"_wpcf7_container_post\" value=\"0\" \/>\n<input type=\"hidden\" name=\"_wpcf7_posted_data_hash\" value=\"\" \/>\n<\/div>\n<p><span class=\"wpcf7-form-control-wrap your-name\"><input type=\"text\" name=\"your-name\" value=\"\" size=\"40\" class=\"wpcf7-form-control wpcf7-text wpcf7-validates-as-required\" aria-required=\"true\" aria-invalid=\"false\" placeholder=\"Votre Nom\" \/><\/span><br \/>\n<span class=\"wpcf7-form-control-wrap your-email\"><input type=\"email\" name=\"your-email\" value=\"\" size=\"40\" class=\"wpcf7-form-control wpcf7-text wpcf7-email wpcf7-validates-as-required wpcf7-validates-as-email\" aria-required=\"true\" aria-invalid=\"false\" placeholder=\"Votre Email\" \/><\/span><br \/>\n<span class=\"wpcf7-form-control-wrap your-message\"><textarea name=\"your-message\" cols=\"40\" rows=\"10\" class=\"wpcf7-form-control wpcf7-textarea wpcf7-validates-as-required\" aria-required=\"true\" aria-invalid=\"false\" placeholder=\"Votre Message\"><\/textarea><\/span><br \/>\n<input type=\"submit\" value=\"Register\" class=\"wpcf7-form-control has-spinner wpcf7-submit\" \/><\/p>\n<p style=\"display: none !important;\"><label>&#916;<textarea name=\"_wpcf7_ak_hp_textarea\" cols=\"45\" rows=\"8\" maxlength=\"100\"><\/textarea><\/label><input type=\"hidden\" id=\"ak_js\" name=\"_wpcf7_ak_js\" value=\"181\"\/><script>document.getElementById( \"ak_js\" ).setAttribute( \"value\", ( new Date() ).getTime() );<\/script><\/p><div class=\"wpcf7-response-output\" aria-hidden=\"true\"><\/div><\/form><\/div>[vc_empty_space height=\u00a0\u00bb40px\u00a0\u00bb][\/vc_column][\/vc_row][vc_row row_type=\u00a0\u00bbparallax\u00a0\u00bb content_width=\u00a0\u00bbgrid\u00a0\u00bb content_aligment=\u00a0\u00bbcenter\u00a0\u00bb full_screen_section_height=\u00a0\u00bbno\u00a0\u00bb parallax_background_image=\u00a0\u00bb9813&Prime; css=\u00a0\u00bb.vc_custom_1482747101601{padding-top: 60px !important;padding-bottom: 75px !important;}\u00a0\u00bb][vc_column offset=\u00a0\u00bbvc_col-lg-offset-2 vc_col-lg-8&Prime;][vc_raw_html]JTNDYSUyMGlkJTNEJTIybmV3c2xldHRlciUyMiUzRSUzQyUyRmElM0U=[\/vc_raw_html]<div class=\"edgtf-title-section-holder\">\n\t\t\t<h2 class=\"edgtf-title-with-dots\" style=\"color:#ffffff\">\n\t\t\tInscrivez-vous d\u00e8s maintenant \u00e0 notre Newsletter\t\t<\/h2>\n\t\t<span class=\"edge-title-separator edge-disable-separator\" ><\/span>\n\n\t\t\t\t<h6 class=\"edgtf-section-subtitle\" >Obtenez notre actualit\u00e9, les dates d&#039;ouvertures des programmes, les r\u00e9sultats etc.<\/h6>\n\t<\/div>[vc_empty_space height=\u00a0\u00bb20px\u00a0\u00bb]<div role=\"form\" class=\"wpcf7\" id=\"wpcf7-f8987-o2\" lang=\"en-US\" dir=\"ltr\">\n<div class=\"screen-reader-response\"><p role=\"status\" aria-live=\"polite\" aria-atomic=\"true\"><\/p> <ul><\/ul><\/div>\n<form action=\"\/index.php\/wp-json\/wp\/v2\/pages\/1711#wpcf7-f8987-o2\" method=\"post\" class=\"wpcf7-form init cf7_custom_style_3\" novalidate=\"novalidate\" data-status=\"init\">\n<div style=\"display: none;\">\n<input type=\"hidden\" name=\"_wpcf7\" value=\"8987\" \/>\n<input type=\"hidden\" name=\"_wpcf7_version\" value=\"5.5.3\" \/>\n<input type=\"hidden\" name=\"_wpcf7_locale\" value=\"en_US\" \/>\n<input type=\"hidden\" name=\"_wpcf7_unit_tag\" value=\"wpcf7-f8987-o2\" \/>\n<input type=\"hidden\" name=\"_wpcf7_container_post\" value=\"0\" \/>\n<input type=\"hidden\" name=\"_wpcf7_posted_data_hash\" value=\"\" \/>\n<\/div>\n<div class='edgtf-newsletter'>\n    <span class=\"wpcf7-form-control-wrap your-email\"><input type=\"email\" name=\"your-email\" value=\"\" size=\"40\" class=\"wpcf7-form-control wpcf7-text wpcf7-email wpcf7-validates-as-required wpcf7-validates-as-email\" aria-required=\"true\" aria-invalid=\"false\" placeholder=\"Votre Email\" \/><\/span><input type=\"submit\" value=\"OK\" class=\"wpcf7-form-control has-spinner wpcf7-submit\" \/>\n<\/div>\n<p style=\"display: none !important;\"><label>&#916;<textarea name=\"_wpcf7_ak_hp_textarea\" cols=\"45\" rows=\"8\" maxlength=\"100\"><\/textarea><\/label><input type=\"hidden\" id=\"ak_js\" name=\"_wpcf7_ak_js\" value=\"115\"\/><script>document.getElementById( \"ak_js\" ).setAttribute( \"value\", ( new Date() ).getTime() );<\/script><\/p><div class=\"wpcf7-response-output\" aria-hidden=\"true\"><\/div><\/form><\/div>[\/vc_column][\/vc_row]<\/p>\n","protected":false},"excerpt":{"rendered":"<p>[vc_row content_width=\u00a0\u00bbgrid\u00a0\u00bb css=\u00a0\u00bb.vc_custom_1484320799148{padding-top: 90px !important;padding-bottom: 90px !important;}\u00a0\u00bb][vc_column offset=\u00a0\u00bbvc_col-lg-6 vc_col-md-12&Prime; css=\u00a0\u00bb.vc_custom_1481803903566{padding-right: 5% !important;padding-left: 5% !important;}\u00a0\u00bb][vc_column_text] Pour nous conctacter n&rsquo;h\u00e9sitez pas \u00e0 nous appeler au +225-25-22-01-04-12 +225-05-65-49-39-34 Vous pouvez nous envoyer aussi un email \u00e0\u00a0 contact@bictogo-initiatives.org Pour nous rendre visite, venez au si\u00e8ge de la Fondation Bictogo&#8230;<\/p>\n","protected":false},"author":1,"featured_media":0,"parent":0,"menu_order":0,"comment_status":"closed","ping_status":"closed","template":"full-width.php","meta":[],"_links":{"self":[{"href":"https:\/\/www.bictogo-initiatives.org\/index.php\/wp-json\/wp\/v2\/pages\/1711"}],"collection":[{"href":"https:\/\/www.bictogo-initiatives.org\/index.php\/wp-json\/wp\/v2\/pages"}],"about":[{"href":"https:\/\/www.bictogo-initiatives.org\/index.php\/wp-json\/wp\/v2\/types\/page"}],"author":[{"embeddable":true,"href":"https:\/\/www.bictogo-initiatives.org\/index.php\/wp-json\/wp\/v2\/users\/1"}],"replies":[{"embeddable":true,"href":"https:\/\/www.bictogo-initiatives.org\/index.php\/wp-json\/wp\/v2\/comments?post=1711"}],"version-history":[{"count":6,"href":"https:\/\/www.bictogo-initiatives.org\/index.php\/wp-json\/wp\/v2\/pages\/1711\/revisions"}],"predecessor-version":[{"id":13202,"href":"https:\/\/www.bictogo-initiatives.org\/index.php\/wp-json\/wp\/v2\/pages\/1711\/revisions\/13202"}],"wp:attachment":[{"href":"https:\/\/www.bictogo-initiatives.org\/index.php\/wp-json\/wp\/v2\/media?parent=1711"}],"curies":[{"name":"wp","href":"https:\/\/api.w.org\/{rel}","templated":true}]}}